{"id":2266,"date":"2020-04-06T09:58:24","date_gmt":"2020-04-06T07:58:24","guid":{"rendered":"https:\/\/caraibesroyal.com\/?page_id=2266"},"modified":"2025-02-05T17:05:00","modified_gmt":"2025-02-05T16:05:00","slug":"legal-notice","status":"publish","type":"page","link":"https:\/\/tropicana-suites.com\/en\/legal-notice\/","title":{"rendered":"Terms of use"},"content":{"rendered":"<div data-elementor-type=\"wp-page\" data-elementor-id=\"2266\" class=\"elementor elementor-2266\" data-elementor-post-type=\"page\">\n\t\t\t\t\t\t<section class=\"elementor-section elementor-top-section elementor-element elementor-element-845a6ac elementor-section-stretched elementor-section-boxed elementor-section-height-default elementor-section-height-default\" data-id=\"845a6ac\" data-element_type=\"section\" data-settings=\"{&quot;stretch_section&quot;:&quot;section-stretched&quot;,&quot;background_background&quot;:&quot;classic&quot;,&quot;hoteller_ext_is_background_parallax&quot;:&quot;false&quot;,&quot;hoteller_ext_is_background_backdrop&quot;:&quot;false&quot;,&quot;hoteller_ext_is_background_on_scroll&quot;:&quot;false&quot;}\">\n\t\t\t\t\t\t\t<div class=\"elementor-background-overlay\"><\/div>\n\t\t\t\t\t\t\t<div class=\"elementor-container elementor-column-gap-default\">\n\t\t\t\t\t<div class=\"elementor-column elementor-col-100 elementor-top-column elementor-element elementor-element-7425abaf\" data-id=\"7425abaf\" data-element_type=\"column\" data-settings=\"{&quot;background_background&quot;:&quot;classic&quot;,&quot;hoteller_ext_link_sidemenu&quot;:&quot;false&quot;,&quot;hoteller_ext_link_fullmenu&quot;:&quot;false&quot;,&quot;hoteller_ext_link_closed_fullmenu&quot;:&quot;false&quot;,&quot;hoteller_ext_is_scrollme&quot;:&quot;false&quot;,&quot;hoteller_ext_is_smoove&quot;:&quot;false&quot;,&quot;hoteller_ext_is_parallax_mouse&quot;:&quot;false&quot;,&quot;hoteller_ext_is_infinite&quot;:&quot;false&quot;,&quot;hoteller_ext_is_fadeout_animation&quot;:&quot;false&quot;,&quot;hoteller_ext_mobile_static&quot;:&quot;false&quot;}\">\n\t\t\t<div class=\"elementor-widget-wrap elementor-element-populated\">\n\t\t\t\t\t<div class=\"elementor-background-overlay\"><\/div>\n\t\t\t\t\t\t<div class=\"elementor-element elementor-element-3b8ce2d0 animated-slow elementor-invisible elementor-widget elementor-widget-hoteller-slider-parallax\" data-id=\"3b8ce2d0\" data-element_type=\"widget\" data-settings=\"{&quot;_animation&quot;:&quot;fadeIn&quot;,&quot;hoteller_ext_link_sidemenu&quot;:&quot;false&quot;,&quot;hoteller_ext_link_fullmenu&quot;:&quot;false&quot;,&quot;hoteller_ext_link_closed_fullmenu&quot;:&quot;false&quot;,&quot;hoteller_ext_is_scrollme&quot;:&quot;false&quot;,&quot;hoteller_ext_is_smoove&quot;:&quot;false&quot;,&quot;hoteller_ext_is_parallax_mouse&quot;:&quot;false&quot;,&quot;hoteller_ext_is_infinite&quot;:&quot;false&quot;,&quot;hoteller_ext_is_fadeout_animation&quot;:&quot;false&quot;,&quot;hoteller_ext_mobile_static&quot;:&quot;false&quot;}\" data-widget_type=\"hoteller-slider-parallax.default\">\n\t\t\t\t<div class=\"elementor-widget-container\">\n\t\t\t\t\t<div class=\"slider_parallax_wrapper\" data-autoplay=\"0\" data-pagination=\"0\" data-navigation=\"0\">\n\t<div class=\"slider_parallax_inner\">\n\t\t<div class=\"slider_parallax_slides\">\n\t\t\t\t\t\t<div class=\"slide is-active\">\n\t\t          \t<div class=\"slide-content\">\n\t\t            \t<div class=\"caption\">\n\t\t\t\t\t\t\t<div class=\"title\"><h2>Legal Notice<\/h2><\/div>\n\t\t\t\t\t\t\t<div class=\"text\">\n\t\t                \t\t\t\t              \t\t<\/div> \n\t\t\t                \t\t            \t<\/div>\n\t\t          \t<\/div>\n\t\t\t\t  \t<div class=\"image-container\"> \n\t\t            \t<img decoding=\"async\" src=\"\" alt=\"\" class=\"image\" \/>\n\t\t          \t<\/div>\n\t\t        <\/div>\n\t\t\t\t<\/div>\n\t\t\t    \t<\/div>\n<\/div>\n\t\t\t\t<\/div>\n\t\t\t\t<\/div>\n\t\t\t\t\t<\/div>\n\t\t<\/div>\n\t\t\t\t\t<\/div>\n\t\t<\/section>\n\t\t\t\t<section class=\"elementor-section elementor-top-section elementor-element elementor-element-2b54c6b elementor-section-boxed elementor-section-height-default elementor-section-height-default\" data-id=\"2b54c6b\" data-element_type=\"section\" data-settings=\"{&quot;hoteller_ext_is_background_parallax&quot;:&quot;false&quot;,&quot;hoteller_ext_is_background_backdrop&quot;:&quot;false&quot;,&quot;hoteller_ext_is_background_on_scroll&quot;:&quot;false&quot;}\">\n\t\t\t\t\t\t<div class=\"elementor-container elementor-column-gap-default\">\n\t\t\t\t\t<div class=\"elementor-column elementor-col-100 elementor-top-column elementor-element elementor-element-6a9b161\" data-id=\"6a9b161\" data-element_type=\"column\" data-settings=\"{&quot;hoteller_ext_link_sidemenu&quot;:&quot;false&quot;,&quot;hoteller_ext_link_fullmenu&quot;:&quot;false&quot;,&quot;hoteller_ext_link_closed_fullmenu&quot;:&quot;false&quot;,&quot;hoteller_ext_is_scrollme&quot;:&quot;false&quot;,&quot;hoteller_ext_is_smoove&quot;:&quot;false&quot;,&quot;hoteller_ext_is_parallax_mouse&quot;:&quot;false&quot;,&quot;hoteller_ext_is_infinite&quot;:&quot;false&quot;,&quot;hoteller_ext_is_fadeout_animation&quot;:&quot;false&quot;,&quot;hoteller_ext_mobile_static&quot;:&quot;false&quot;}\">\n\t\t\t<div class=\"elementor-widget-wrap elementor-element-populated\">\n\t\t\t\t\t\t<div class=\"elementor-element elementor-element-d5e39d2 elementor-widget elementor-widget-text-editor\" data-id=\"d5e39d2\" data-element_type=\"widget\" data-settings=\"{&quot;hoteller_ext_link_sidemenu&quot;:&quot;false&quot;,&quot;hoteller_ext_link_fullmenu&quot;:&quot;false&quot;,&quot;hoteller_ext_link_closed_fullmenu&quot;:&quot;false&quot;,&quot;hoteller_ext_is_scrollme&quot;:&quot;false&quot;,&quot;hoteller_ext_is_smoove&quot;:&quot;false&quot;,&quot;hoteller_ext_is_parallax_mouse&quot;:&quot;false&quot;,&quot;hoteller_ext_is_infinite&quot;:&quot;false&quot;,&quot;hoteller_ext_is_fadeout_animation&quot;:&quot;false&quot;,&quot;hoteller_ext_mobile_static&quot;:&quot;false&quot;}\" data-widget_type=\"text-editor.default\">\n\t\t\t\t<div class=\"elementor-widget-container\">\n\t\t\t\t\t\t\t\t\t<p>Responsible for publication<br>Mr Bransi<br>Company name<br>SARL KBH MANAGEMENT<br>\u25cf Telephone: +590 590 400 200<br>\u25cf Individual VAT identification number: FR31803471150<br>\u25cf Siren number: 803 471 150<br>\u25cf Share capital: \u20ac500<\/p>\n<p>Information Technology and Civil Liberties<br>In accordance with the French Data Protection Act no. 78-17 of January 6, 1978 (amended), any user who has provided personal information has the right to access, rectify, delete and object to such information. You can exercise these rights by contacting the site administrator.<\/p>\n<p>Hyperlinks<br>Sites external to SARL KBH MANAGEMENT with a hypertext link to this site are not under the control of SARL KBH MANAGEMENT, which declines all responsibility for their content. The user is solely responsible for their use.<\/p>\n<p>Liability<br>Access to this site implies compliance with all legislation, in particular that relating to copyright and copyright law.<br>Informatique et Libert\u00e9s. SARL KBH MANAGEMENT declines all responsibility for errors or omissions in the contents of the site and reserves the right to modify and update these contents at any time.<\/p>\n<p>Intellectual Property<br>In accordance with the French Intellectual Property Code, the reproduction for any use other than private, the sale, the distribution, the publication, the adaptation or the communication, partial or complete, of the data present on this site is strictly forbidden.&nbsp;<span style=\"font-size: 15px;\">(presentation, layout, photos, texts and illustrations) are strictly subject to prior written authorization from <\/span><span style=\"font-size: 15px;\">rights holders.<\/span><\/p>\n<p>Privacy Policy<br>Identity of the Data Controller<br>The site is edited by SARL KBH MANAGEMENT.<br>Type of data collected<br>Personal data is any information that can be used to identify you directly or indirectly, such as your surname, first name, e-mail address, telephone number, IP address or holiday preferences.<br>When is your Personal Data collected?<br>\u25cf When browsing our site (IP address, cookies).<br>\u25cf When requesting information or making reservations.<br>\u25cf When subscribing to our newsletter.<br>\u25cf During satisfaction surveys.<br>Purpose of Data Collection<br>The personal data collected is used to :<br>\u25cf Manage your reservations and information requests.<br>\u25cf Improve our services.<br>\u25cf Manage customer relations.<br>\u25cf Send promotional information (subject to consent).<br>\u25cf Comply with legal requirements.<br>Company commitments<br>SARL KBH MANAGEMENT takes the necessary measures to guarantee the security and confidentiality of your data.<br>data. Your information will only be passed on to third parties where required by law.<br>Shelf life<\/p><p><span style=\"font-size: 15px;\">Data is kept only as long as necessary for processing.<\/span><\/p>\n<p><br>Your rights<br>In accordance with the French Data Protection Act (Loi Informatique et Libert\u00e9s), you have the right to access, rectify, delete and oppose any personal data held about you.<br>opposition for legitimate reasons. To exercise these rights, please contact the operating company.<\/p>\n<p>Cookies<\/p>\n<p>During site visits, information relating to your terminal's navigation may be recorded in files called \"Cookies\".<br>Types of Cookies Used<br>\u25cf Analytical cookies: improve user experience and statistics.<br>\u25cf Social network cookies: content sharing.<br>\u25cf Advertising cookies: display of tailored advertisements.<br>\u25cf Security cookies: transaction protection.<br>Your Choices Regarding Cookies<br>You can set your browser to accept or reject cookies. Rejecting cookies may affect certain site functions. To find out more about cookie management with your browser :<br>\u25cf Internet Explorer<br>\u25cf Safari<br>\u25cf Chrome<br>\u25cf Firefox<\/p>\n<p>Contact the Consumer Mediator<br>In accordance with Articles L. 616-1, R. 616-1, L.616-2 and R. 111-1 7\u00b0 of the French Consumer Code, the customer may refer the matter to the Tourism and Travel Mediator:<br>Tourism Travel Mediator<br>BP 80 303<br>75823 Paris Cedex 17<\/p>\n<p>Site design<br>Hotel and business websites<br>128, rue de la Bo\u00e9tie<br>75008 PARIS<br>Host<br>OVH<br>2 rue Kellermann BP 80157<br>59100 Roubaix<br>Telephone: 1007<\/p>\t\t\t\t\t\t\t\t<\/div>\n\t\t\t\t<\/div>\n\t\t\t\t\t<\/div>\n\t\t<\/div>\n\t\t\t\t\t<\/div>\n\t\t<\/section>\n\t\t\t\t<\/div>","protected":false},"excerpt":{"rendered":"<p>Legal Notice Responsible for publicationM. BransiCompany nameSARL KBH MANAGEMENT\u25cf Telephone: +590 590 400 200\u25cf Individual VAT identification number: FR31803471150\u25cf Siren number: 803 471 150\u25cf Share capital: \u20ac500 Computer [...]<\/p>","protected":false},"author":1,"featured_media":0,"parent":0,"menu_order":0,"comment_status":"closed","ping_status":"closed","template":"","meta":{"footnotes":""},"class_list":["post-2266","page","type-page","status-publish","hentry"],"yoast_head":"<!-- This site is optimized with the Yoast SEO plugin v26.5 - https:\/\/yoast.com\/wordpress\/plugins\/seo\/ -->\n<title>Mentions L\u00e9gales | Tropicana Suites R\u00e9sidence h\u00f4teli\u00e8re 4 \u00e9toiles Guadeloupe<\/title>\n<meta name=\"robots\" content=\"index, follow, max-snippet:-1, max-image-preview:large, max-video-preview:-1\" \/>\n<link rel=\"canonical\" href=\"https:\/\/tropicana-suites.com\/en\/legal-notice\/\" \/>\n<meta property=\"og:locale\" content=\"en_US\" \/>\n<meta property=\"og:type\" content=\"article\" \/>\n<meta property=\"og:title\" content=\"Mentions L\u00e9gales | Tropicana Suites R\u00e9sidence h\u00f4teli\u00e8re 4 \u00e9toiles Guadeloupe\" \/>\n<meta property=\"og:description\" content=\"Mention L\u00e9gales Responsable de la publicationM. BransiRaison sociale de la soci\u00e9t\u00e9 exploitanteSARL KBH MANAGEMENT\u25cf T\u00e9l\u00e9phone : +590 590 400 200\u25cf Num\u00e9ro individuel d\u2019identification de TVA : FR31803471150\u25cf Num\u00e9ro de Siren : 803 471 150\u25cf Capital Social : 500 \u20ac Informatique [&hellip;]\" \/>\n<meta property=\"og:url\" content=\"https:\/\/tropicana-suites.com\/en\/legal-notice\/\" \/>\n<meta property=\"og:site_name\" content=\"Tropicana Suites R\u00e9sidence h\u00f4teli\u00e8re 4 \u00e9toiles Guadeloupe\" \/>\n<meta property=\"article:modified_time\" content=\"2025-02-05T16:05:00+00:00\" \/>\n<meta name=\"twitter:card\" content=\"summary_large_image\" \/>\n<meta name=\"twitter:label1\" content=\"Est. reading time\" \/>\n\t<meta name=\"twitter:data1\" content=\"4 minutes\" \/>\n<script type=\"application\/ld+json\" class=\"yoast-schema-graph\">{\"@context\":\"https:\/\/schema.org\",\"@graph\":[{\"@type\":\"WebPage\",\"@id\":\"https:\/\/tropicana-suites.com\/mentions-legales\/\",\"url\":\"https:\/\/tropicana-suites.com\/mentions-legales\/\",\"name\":\"Mentions L\u00e9gales | Tropicana Suites R\u00e9sidence h\u00f4teli\u00e8re 4 \u00e9toiles Guadeloupe\",\"isPartOf\":{\"@id\":\"https:\/\/tropicana-suites.com\/#website\"},\"datePublished\":\"2020-04-06T07:58:24+00:00\",\"dateModified\":\"2025-02-05T16:05:00+00:00\",\"breadcrumb\":{\"@id\":\"https:\/\/tropicana-suites.com\/mentions-legales\/#breadcrumb\"},\"inLanguage\":\"en-US\",\"potentialAction\":[{\"@type\":\"ReadAction\",\"target\":[\"https:\/\/tropicana-suites.com\/mentions-legales\/\"]}]},{\"@type\":\"BreadcrumbList\",\"@id\":\"https:\/\/tropicana-suites.com\/mentions-legales\/#breadcrumb\",\"itemListElement\":[{\"@type\":\"ListItem\",\"position\":1,\"name\":\"Home\",\"item\":\"https:\/\/tropicana-suites.com\/\"},{\"@type\":\"ListItem\",\"position\":2,\"name\":\"Mentions L\u00e9gales\"}]},{\"@type\":\"WebSite\",\"@id\":\"https:\/\/tropicana-suites.com\/#website\",\"url\":\"https:\/\/tropicana-suites.com\/\",\"name\":\"Tropicana Suites\",\"description\":\"Hotels de luxe en guadeloupe\",\"publisher\":{\"@id\":\"https:\/\/tropicana-suites.com\/#organization\"},\"potentialAction\":[{\"@type\":\"SearchAction\",\"target\":{\"@type\":\"EntryPoint\",\"urlTemplate\":\"https:\/\/tropicana-suites.com\/?s={search_term_string}\"},\"query-input\":{\"@type\":\"PropertyValueSpecification\",\"valueRequired\":true,\"valueName\":\"search_term_string\"}}],\"inLanguage\":\"en-US\"},{\"@type\":\"Organization\",\"@id\":\"https:\/\/tropicana-suites.com\/#organization\",\"name\":\"Tropicana Suites |\u00a0R\u00e9sidence de Luxe en Guadeloupe\",\"url\":\"https:\/\/tropicana-suites.com\/\",\"logo\":{\"@type\":\"ImageObject\",\"inLanguage\":\"en-US\",\"@id\":\"https:\/\/tropicana-suites.com\/#\/schema\/logo\/image\/\",\"url\":\"https:\/\/tropicana-suites.com\/wp-content\/uploads\/2025\/12\/images.png\",\"contentUrl\":\"https:\/\/tropicana-suites.com\/wp-content\/uploads\/2025\/12\/images.png\",\"width\":249,\"height\":203,\"caption\":\"Tropicana Suites |\u00a0R\u00e9sidence de Luxe en Guadeloupe\"},\"image\":{\"@id\":\"https:\/\/tropicana-suites.com\/#\/schema\/logo\/image\/\"}}]}<\/script>\n<!-- \/ Yoast SEO plugin. -->","yoast_head_json":{"title":"Legal Notice | Tropicana Suites 4 star hotel residence Guadeloupe","robots":{"index":"index","follow":"follow","max-snippet":"max-snippet:-1","max-image-preview":"max-image-preview:large","max-video-preview":"max-video-preview:-1"},"canonical":"https:\/\/tropicana-suites.com\/en\/legal-notice\/","og_locale":"en_US","og_type":"article","og_title":"Mentions L\u00e9gales | Tropicana Suites R\u00e9sidence h\u00f4teli\u00e8re 4 \u00e9toiles Guadeloupe","og_description":"Mention L\u00e9gales Responsable de la publicationM. BransiRaison sociale de la soci\u00e9t\u00e9 exploitanteSARL KBH MANAGEMENT\u25cf T\u00e9l\u00e9phone : +590 590 400 200\u25cf Num\u00e9ro individuel d\u2019identification de TVA : FR31803471150\u25cf Num\u00e9ro de Siren : 803 471 150\u25cf Capital Social : 500 \u20ac Informatique [&hellip;]","og_url":"https:\/\/tropicana-suites.com\/en\/legal-notice\/","og_site_name":"Tropicana Suites R\u00e9sidence h\u00f4teli\u00e8re 4 \u00e9toiles Guadeloupe","article_modified_time":"2025-02-05T16:05:00+00:00","twitter_card":"summary_large_image","twitter_misc":{"Est. reading time":"4 minutes"},"schema":{"@context":"https:\/\/schema.org","@graph":[{"@type":"WebPage","@id":"https:\/\/tropicana-suites.com\/mentions-legales\/","url":"https:\/\/tropicana-suites.com\/mentions-legales\/","name":"Legal Notice | Tropicana Suites 4 star hotel residence Guadeloupe","isPartOf":{"@id":"https:\/\/tropicana-suites.com\/#website"},"datePublished":"2020-04-06T07:58:24+00:00","dateModified":"2025-02-05T16:05:00+00:00","breadcrumb":{"@id":"https:\/\/tropicana-suites.com\/mentions-legales\/#breadcrumb"},"inLanguage":"en-US","potentialAction":[{"@type":"ReadAction","target":["https:\/\/tropicana-suites.com\/mentions-legales\/"]}]},{"@type":"BreadcrumbList","@id":"https:\/\/tropicana-suites.com\/mentions-legales\/#breadcrumb","itemListElement":[{"@type":"ListItem","position":1,"name":"Home","item":"https:\/\/tropicana-suites.com\/"},{"@type":"ListItem","position":2,"name":"Mentions L\u00e9gales"}]},{"@type":"WebSite","@id":"https:\/\/tropicana-suites.com\/#website","url":"https:\/\/tropicana-suites.com\/","name":"Tropicana Suites","description":"Luxury hotels in guadeloupe","publisher":{"@id":"https:\/\/tropicana-suites.com\/#organization"},"potentialAction":[{"@type":"SearchAction","target":{"@type":"EntryPoint","urlTemplate":"https:\/\/tropicana-suites.com\/?s={search_term_string}"},"query-input":{"@type":"PropertyValueSpecification","valueRequired":true,"valueName":"search_term_string"}}],"inLanguage":"en-US"},{"@type":"Organization","@id":"https:\/\/tropicana-suites.com\/#organization","name":"Tropicana Suites | Luxury Residence in Guadeloupe","url":"https:\/\/tropicana-suites.com\/","logo":{"@type":"ImageObject","inLanguage":"en-US","@id":"https:\/\/tropicana-suites.com\/#\/schema\/logo\/image\/","url":"https:\/\/tropicana-suites.com\/wp-content\/uploads\/2025\/12\/images.png","contentUrl":"https:\/\/tropicana-suites.com\/wp-content\/uploads\/2025\/12\/images.png","width":249,"height":203,"caption":"Tropicana Suites |\u00a0R\u00e9sidence de Luxe en Guadeloupe"},"image":{"@id":"https:\/\/tropicana-suites.com\/#\/schema\/logo\/image\/"}}]}},"_links":{"self":[{"href":"https:\/\/tropicana-suites.com\/en\/wp-json\/wp\/v2\/pages\/2266","targetHints":{"allow":["GET"]}}],"collection":[{"href":"https:\/\/tropicana-suites.com\/en\/wp-json\/wp\/v2\/pages"}],"about":[{"href":"https:\/\/tropicana-suites.com\/en\/wp-json\/wp\/v2\/types\/page"}],"author":[{"embeddable":true,"href":"https:\/\/tropicana-suites.com\/en\/wp-json\/wp\/v2\/users\/1"}],"replies":[{"embeddable":true,"href":"https:\/\/tropicana-suites.com\/en\/wp-json\/wp\/v2\/comments?post=2266"}],"version-history":[{"count":32,"href":"https:\/\/tropicana-suites.com\/en\/wp-json\/wp\/v2\/pages\/2266\/revisions"}],"predecessor-version":[{"id":3868,"href":"https:\/\/tropicana-suites.com\/en\/wp-json\/wp\/v2\/pages\/2266\/revisions\/3868"}],"wp:attachment":[{"href":"https:\/\/tropicana-suites.com\/en\/wp-json\/wp\/v2\/media?parent=2266"}],"curies":[{"name":"wp","href":"https:\/\/api.w.org\/{rel}","templated":true}]}}